{"id":28,"date":"2020-05-19T12:29:18","date_gmt":"2020-05-19T10:29:18","guid":{"rendered":"https:\/\/www.suedtiroler-wohlfuehlnest-nido.com\/?page_id=28"},"modified":"2026-04-07T20:09:19","modified_gmt":"2026-04-07T18:09:19","slug":"wohnzimmer","status":"publish","type":"page","link":"https:\/\/www.suedtiroler-wohlfuehlnest-nido.com\/it\/wohnzimmer\/","title":{"rendered":"Soggiorno e Stube"},"content":{"rendered":"\t\t<div data-elementor-type=\"wp-page\" data-elementor-id=\"28\" class=\"elementor elementor-28\" data-elementor-post-type=\"page\">\n\t\t\t\t\t\t<section class=\"elementor-section elementor-top-section elementor-element elementor-element-125ccab elementor-section-height-min-height elementor-section-content-middle elementor-reverse-mobile elementor-section-boxed elementor-section-height-default elementor-section-items-middle\" data-id=\"125ccab\" data-element_type=\"section\" data-e-type=\"section\" data-settings=\"{&quot;background_background&quot;:&quot;classic&quot;,&quot;background_motion_fx_motion_fx_scrolling&quot;:&quot;yes&quot;,&quot;background_motion_fx_translateY_effect&quot;:&quot;yes&quot;,&quot;background_motion_fx_translateY_speed&quot;:{&quot;unit&quot;:&quot;px&quot;,&quot;size&quot;:4,&quot;sizes&quot;:[]},&quot;background_motion_fx_translateY_affectedRange&quot;:{&quot;unit&quot;:&quot;%&quot;,&quot;size&quot;:&quot;&quot;,&quot;sizes&quot;:{&quot;start&quot;:0,&quot;end&quot;:100}},&quot;background_motion_fx_devices&quot;:[&quot;desktop&quot;,&quot;tablet&quot;,&quot;mobile&quot;]}\">\n\t\t\t\t\t\t\t<div class=\"elementor-background-overlay\"><\/div>\n\t\t\t\t\t\t\t<div class=\"elementor-container elementor-column-gap-no\">\n\t\t\t\t\t<div class=\"elementor-column elementor-col-100 elementor-top-column elementor-element elementor-element-6264874\" data-id=\"6264874\" data-element_type=\"column\" data-e-type=\"column\">\n\t\t\t<div class=\"elementor-widget-wrap elementor-element-populated\">\n\t\t\t\t\t\t<div class=\"elementor-element elementor-element-d58a134 elementor-widget elementor-widget-heading\" data-id=\"d58a134\" data-element_type=\"widget\" data-e-type=\"widget\" data-widget_type=\"heading.default\">\n\t\t\t\t<div class=\"elementor-widget-container\">\n\t\t\t\t\t<h1 class=\"elementor-heading-title elementor-size-default\"><b> Wohnzimmerm\u00f6bel <\/b> und <b>Stuben<\/b> aus Massivholz <\/h1>\t\t\t\t<\/div>\n\t\t\t\t<\/div>\n\t\t\t\t\t<\/div>\n\t\t<\/div>\n\t\t\t\t\t<\/div>\n\t\t<\/section>\n\t\t\t\t<section class=\"elementor-section elementor-top-section elementor-element elementor-element-91945f5 elementor-section-boxed elementor-section-height-default elementor-section-height-default\" data-id=\"91945f5\" data-element_type=\"section\" data-e-type=\"section\">\n\t\t\t\t\t\t\t<div class=\"elementor-background-overlay\"><\/div>\n\t\t\t\t\t\t\t<div class=\"elementor-container elementor-column-gap-default\">\n\t\t\t\t\t<div class=\"elementor-column elementor-col-100 elementor-top-column elementor-element elementor-element-020a4ef\" data-id=\"020a4ef\" data-element_type=\"column\" data-e-type=\"column\">\n\t\t\t<div class=\"elementor-widget-wrap elementor-element-populated\">\n\t\t\t\t\t\t<div class=\"elementor-element elementor-element-5140ab8 elementor-widget elementor-widget-heading\" data-id=\"5140ab8\" data-element_type=\"widget\" data-e-type=\"widget\" data-widget_type=\"heading.default\">\n\t\t\t\t<div class=\"elementor-widget-container\">\n\t\t\t\t\t<h2 class=\"elementor-heading-title elementor-size-default\"><b>Wohnzimmer und Stuben <\/b>aus Massivholz f\u00fcr Ihr Wohlf\u00fchlnest<\/h2>\t\t\t\t<\/div>\n\t\t\t\t<\/div>\n\t\t\t\t<div class=\"elementor-element elementor-element-d7078d0 elementor-widget elementor-widget-text-editor\" data-id=\"d7078d0\" data-element_type=\"widget\" data-e-type=\"widget\" data-widget_type=\"text-editor.default\">\n\t\t\t\t<div class=\"elementor-widget-container\">\n\t\t\t\t\t\t\t\t\t<p>Wohnzimmerm\u00f6bel aus Massivholz verleihen jedem Raum eine warme und nat\u00fcrliche Atmosph\u00e4re. Unsere Tischlerei in S\u00fcdtirol fertigt individuelle Holzm\u00f6bel nach Ma\u00df \u2013 von Sideboards \u00fcber Regale bis hin zu ma\u00dfgefertigten Wohnw\u00e4nden. Alle M\u00f6bel werden in unserer eigenen Produktion aus hochwertigen Holzarten wie Fichte und Zirbe hergestellt.<\/p>\t\t\t\t\t\t\t\t<\/div>\n\t\t\t\t<\/div>\n\t\t\t\t\t<\/div>\n\t\t<\/div>\n\t\t\t\t\t<\/div>\n\t\t<\/section>\n\t\t\t\t<section class=\"elementor-section elementor-top-section elementor-element elementor-element-d0afbed elementor-section-boxed elementor-section-height-default elementor-section-height-default\" data-id=\"d0afbed\" data-element_type=\"section\" data-e-type=\"section\" data-settings=\"{&quot;background_background&quot;:&quot;classic&quot;,&quot;background_motion_fx_motion_fx_scrolling&quot;:&quot;yes&quot;,&quot;background_motion_fx_translateY_effect&quot;:&quot;yes&quot;,&quot;background_motion_fx_translateY_speed&quot;:{&quot;unit&quot;:&quot;px&quot;,&quot;size&quot;:4,&quot;sizes&quot;:[]},&quot;background_motion_fx_translateY_affectedRange&quot;:{&quot;unit&quot;:&quot;%&quot;,&quot;size&quot;:&quot;&quot;,&quot;sizes&quot;:{&quot;start&quot;:0,&quot;end&quot;:100}},&quot;background_motion_fx_devices&quot;:[&quot;desktop&quot;,&quot;tablet&quot;,&quot;mobile&quot;]}\">\n\t\t\t\t\t\t\t<div class=\"elementor-background-overlay\"><\/div>\n\t\t\t\t\t\t\t<div class=\"elementor-container elementor-column-gap-default\">\n\t\t\t\t\t<div class=\"elementor-column elementor-col-50 elementor-top-column elementor-element elementor-element-357083f\" data-id=\"357083f\" data-element_type=\"column\" data-e-type=\"column\">\n\t\t\t<div class=\"elementor-widget-wrap elementor-element-populated\">\n\t\t\t\t\t\t<div class=\"elementor-element elementor-element-ad63509 elementor-widget elementor-widget-heading\" data-id=\"ad63509\" data-element_type=\"widget\" data-e-type=\"widget\" data-widget_type=\"heading.default\">\n\t\t\t\t<div class=\"elementor-widget-container\">\n\t\t\t\t\t<h2 class=\"elementor-heading-title elementor-size-default\">Melden Sie sich gerne <br>\n bei uns!<\/h2>\t\t\t\t<\/div>\n\t\t\t\t<\/div>\n\t\t\t\t\t<\/div>\n\t\t<\/div>\n\t\t\t\t<div class=\"elementor-column elementor-col-50 elementor-top-column elementor-element elementor-element-27d5b77\" data-id=\"27d5b77\" data-element_type=\"column\" data-e-type=\"column\">\n\t\t\t<div class=\"elementor-widget-wrap elementor-element-populated\">\n\t\t\t\t\t\t<div class=\"elementor-element elementor-element-9f7b0c2 elementor-align-right elementor-mobile-align-center elementor-widget elementor-widget-button\" data-id=\"9f7b0c2\" data-element_type=\"widget\" data-e-type=\"widget\" data-widget_type=\"button.default\">\n\t\t\t\t<div class=\"elementor-widget-container\">\n\t\t\t\t\t\t\t\t\t<div class=\"elementor-button-wrapper\">\n\t\t\t\t\t<a class=\"elementor-button elementor-button-link elementor-size-sm elementor-animation-grow\" href=\"https:\/\/www.suedtiroler-wohlfuehlnest-nido.com\/it\/kontakt\/\">\n\t\t\t\t\t\t<span class=\"elementor-button-content-wrapper\">\n\t\t\t\t\t\t\t\t\t<span class=\"elementor-button-text\">Kontakt aufnehmen<\/span>\n\t\t\t\t\t<\/span>\n\t\t\t\t\t<\/a>\n\t\t\t\t<\/div>\n\t\t\t\t\t\t\t\t<\/div>\n\t\t\t\t<\/div>\n\t\t\t\t\t<\/div>\n\t\t<\/div>\n\t\t\t\t\t<\/div>\n\t\t<\/section>\n\t\t\t\t<section class=\"elementor-section elementor-top-section elementor-element elementor-element-ed8e86f elementor-section-boxed elementor-section-height-default elementor-section-height-default\" data-id=\"ed8e86f\" data-element_type=\"section\" data-e-type=\"section\">\n\t\t\t\t\t\t\t<div class=\"elementor-background-overlay\"><\/div>\n\t\t\t\t\t\t\t<div class=\"elementor-container elementor-column-gap-default\">\n\t\t\t\t\t<div class=\"elementor-column elementor-col-100 elementor-top-column elementor-element elementor-element-f024cc7\" data-id=\"f024cc7\" data-element_type=\"column\" data-e-type=\"column\">\n\t\t\t<div class=\"elementor-widget-wrap elementor-element-populated\">\n\t\t\t\t\t\t<section class=\"elementor-section elementor-inner-section elementor-element elementor-element-072eeb1 elementor-section-boxed elementor-section-height-default elementor-section-height-default\" data-id=\"072eeb1\" data-element_type=\"section\" data-e-type=\"section\">\n\t\t\t\t\t\t<div class=\"elementor-container elementor-column-gap-default\">\n\t\t\t\t\t<div class=\"elementor-column elementor-col-50 elementor-inner-column elementor-element elementor-element-fef762c\" data-id=\"fef762c\" data-element_type=\"column\" data-e-type=\"column\">\n\t\t\t<div class=\"elementor-widget-wrap elementor-element-populated\">\n\t\t\t\t\t\t<div class=\"elementor-element elementor-element-ad417d0 elementor-skin-carousel elementor-arrows-yes elementor-widget elementor-widget-media-carousel\" data-id=\"ad417d0\" data-element_type=\"widget\" data-e-type=\"widget\" data-settings=\"{&quot;slides_per_view&quot;:&quot;1&quot;,&quot;slides_per_view_tablet&quot;:&quot;1&quot;,&quot;space_between&quot;:{&quot;unit&quot;:&quot;px&quot;,&quot;size&quot;:0,&quot;sizes&quot;:[]},&quot;skin&quot;:&quot;carousel&quot;,&quot;effect&quot;:&quot;slide&quot;,&quot;show_arrows&quot;:&quot;yes&quot;,&quot;speed&quot;:500,&quot;autoplay&quot;:&quot;yes&quot;,&quot;autoplay_speed&quot;:5000,&quot;loop&quot;:&quot;yes&quot;,&quot;pause_on_hover&quot;:&quot;yes&quot;,&quot;pause_on_interaction&quot;:&quot;yes&quot;,&quot;space_between_tablet&quot;:{&quot;unit&quot;:&quot;px&quot;,&quot;size&quot;:10,&quot;sizes&quot;:[]},&quot;space_between_mobile&quot;:{&quot;unit&quot;:&quot;px&quot;,&quot;size&quot;:10,&quot;sizes&quot;:[]}}\" data-widget_type=\"media-carousel.default\">\n\t\t\t\t<div class=\"elementor-widget-container\">\n\t\t\t\t\t\t\t\t\t<div class=\"elementor-swiper\">\n\t\t\t\t\t<div class=\"elementor-main-swiper swiper\" role=\"region\" aria-roledescription=\"carousel\" aria-label=\"Slides\">\n\t\t\t\t<div class=\"swiper-wrapper\">\n\t\t\t\t\t\t\t\t\t\t\t<div class=\"swiper-slide\" role=\"group\" aria-roledescription=\"slide\">\n\t\t\t\t\t\t\t\t\t<div class=\"elementor-carousel-image\" role=\"img\" aria-label=\"IMG-20210806-WA0004\" style=\"background-image: url(&#039;https:\/\/www.suedtiroler-wohlfuehlnest-nido.com\/wp-content\/uploads\/2024\/05\/IMG-20210806-WA0004.jpg&#039;)\">\n\n\t\t\t\n\t\t\t\t\t<\/div>\n\t\t\t\t\t\t\t\t<\/div>\n\t\t\t\t\t\t\t\t\t\t\t<div class=\"swiper-slide\" role=\"group\" aria-roledescription=\"slide\">\n\t\t\t\t\t\t\t<a href=\"https:\/\/www.suedtiroler-wohlfuehlnest-nido.com\/wp-content\/uploads\/2024\/05\/PM_3225.jpeg\" data-elementor-open-lightbox=\"yes\" data-elementor-lightbox-slideshow=\"ad417d0\" data-elementor-lightbox-title=\"PM_3225\" data-e-action-hash=\"#elementor-action%3Aaction%3Dlightbox%26settings%3DeyJpZCI6MzU4NSwidXJsIjoiaHR0cHM6XC9cL3d3dy5zdWVkdGlyb2xlci13b2hsZnVlaGxuZXN0LW5pZG8uY29tXC93cC1jb250ZW50XC91cGxvYWRzXC8yMDI0XC8wNVwvUE1fMzIyNS5qcGVnIiwic2xpZGVzaG93IjoiYWQ0MTdkMCJ9\">\t\t<div class=\"elementor-carousel-image\" role=\"img\" aria-label=\"PM_3225\" style=\"background-image: url(&#039;https:\/\/www.suedtiroler-wohlfuehlnest-nido.com\/wp-content\/uploads\/2024\/05\/PM_3225.jpeg&#039;)\">\n\n\t\t\t\n\t\t\t\t\t<\/div>\n\t\t<\/a>\t\t\t\t\t\t<\/div>\n\t\t\t\t\t\t\t\t\t\t\t<div class=\"swiper-slide\" role=\"group\" aria-roledescription=\"slide\">\n\t\t\t\t\t\t\t<a href=\"https:\/\/www.suedtiroler-wohlfuehlnest-nido.com\/wp-content\/uploads\/2024\/05\/PM_3216.jpeg\" data-elementor-open-lightbox=\"yes\" data-elementor-lightbox-slideshow=\"ad417d0\" data-elementor-lightbox-title=\"PM_3216\" data-e-action-hash=\"#elementor-action%3Aaction%3Dlightbox%26settings%3DeyJpZCI6MzU4NCwidXJsIjoiaHR0cHM6XC9cL3d3dy5zdWVkdGlyb2xlci13b2hsZnVlaGxuZXN0LW5pZG8uY29tXC93cC1jb250ZW50XC91cGxvYWRzXC8yMDI0XC8wNVwvUE1fMzIxNi5qcGVnIiwic2xpZGVzaG93IjoiYWQ0MTdkMCJ9\">\t\t<div class=\"elementor-carousel-image\" role=\"img\" aria-label=\"PM_3216\" style=\"background-image: url(&#039;https:\/\/www.suedtiroler-wohlfuehlnest-nido.com\/wp-content\/uploads\/2024\/05\/PM_3216.jpeg&#039;)\">\n\n\t\t\t\n\t\t\t\t\t<\/div>\n\t\t<\/a>\t\t\t\t\t\t<\/div>\n\t\t\t\t\t\t\t\t\t\t\t<div class=\"swiper-slide\" role=\"group\" aria-roledescription=\"slide\">\n\t\t\t\t\t\t\t<a href=\"https:\/\/www.suedtiroler-wohlfuehlnest-nido.com\/wp-content\/uploads\/2020\/07\/Neulichedl_1080-151.jpg\" data-elementor-open-lightbox=\"yes\" data-elementor-lightbox-slideshow=\"ad417d0\" data-elementor-lightbox-title=\"Holzstube Tischlerei Neulichedl\" data-e-action-hash=\"#elementor-action%3Aaction%3Dlightbox%26settings%3DeyJpZCI6OTE0LCJ1cmwiOiJodHRwczpcL1wvd3d3LnN1ZWR0aXJvbGVyLXdvaGxmdWVobG5lc3Qtbmlkby5jb21cL3dwLWNvbnRlbnRcL3VwbG9hZHNcLzIwMjBcLzA3XC9OZXVsaWNoZWRsXzEwODAtMTUxLmpwZyIsInNsaWRlc2hvdyI6ImFkNDE3ZDAifQ%3D%3D\">\t\t<div class=\"elementor-carousel-image\" role=\"img\" aria-label=\"Holzstube Tischlerei Neulichedl\" style=\"background-image: url(&#039;https:\/\/www.suedtiroler-wohlfuehlnest-nido.com\/wp-content\/uploads\/2020\/07\/Neulichedl_1080-151.jpg&#039;)\">\n\n\t\t\t\n\t\t\t\t\t<\/div>\n\t\t<\/a>\t\t\t\t\t\t<\/div>\n\t\t\t\t\t\t\t\t\t\t\t<div class=\"swiper-slide\" role=\"group\" aria-roledescription=\"slide\">\n\t\t\t\t\t\t\t<a href=\"https:\/\/www.suedtiroler-wohlfuehlnest-nido.com\/wp-content\/uploads\/2020\/07\/Neulichedl_1080-118.jpg\" data-elementor-open-lightbox=\"yes\" data-elementor-lightbox-slideshow=\"ad417d0\" data-elementor-lightbox-title=\"Neulichedl_1080-118\" data-e-action-hash=\"#elementor-action%3Aaction%3Dlightbox%26settings%3DeyJpZCI6ODgxLCJ1cmwiOiJodHRwczpcL1wvd3d3LnN1ZWR0aXJvbGVyLXdvaGxmdWVobG5lc3Qtbmlkby5jb21cL3dwLWNvbnRlbnRcL3VwbG9hZHNcLzIwMjBcLzA3XC9OZXVsaWNoZWRsXzEwODAtMTE4LmpwZyIsInNsaWRlc2hvdyI6ImFkNDE3ZDAifQ%3D%3D\">\t\t<div class=\"elementor-carousel-image\" role=\"img\" aria-label=\"Neulichedl_1080-118\" style=\"background-image: url(&#039;https:\/\/www.suedtiroler-wohlfuehlnest-nido.com\/wp-content\/uploads\/2020\/07\/Neulichedl_1080-118.jpg&#039;)\">\n\n\t\t\t\n\t\t\t\t\t<\/div>\n\t\t<\/a>\t\t\t\t\t\t<\/div>\n\t\t\t\t\t\t\t\t\t\t\t<div class=\"swiper-slide\" role=\"group\" aria-roledescription=\"slide\">\n\t\t\t\t\t\t\t<a href=\"https:\/\/www.suedtiroler-wohlfuehlnest-nido.com\/wp-content\/uploads\/2020\/11\/Decke-Zirbe-Eggental.jpg\" data-elementor-open-lightbox=\"yes\" data-elementor-lightbox-slideshow=\"ad417d0\" data-elementor-lightbox-title=\"Decke-Zirbe-Eggental\" data-e-action-hash=\"#elementor-action%3Aaction%3Dlightbox%26settings%3DeyJpZCI6MjExMSwidXJsIjoiaHR0cHM6XC9cL3d3dy5zdWVkdGlyb2xlci13b2hsZnVlaGxuZXN0LW5pZG8uY29tXC93cC1jb250ZW50XC91cGxvYWRzXC8yMDIwXC8xMVwvRGVja2UtWmlyYmUtRWdnZW50YWwuanBnIiwic2xpZGVzaG93IjoiYWQ0MTdkMCJ9\">\t\t<div class=\"elementor-carousel-image\" role=\"img\" aria-label=\"Decke-Zirbe-Eggental\" style=\"background-image: url(&#039;https:\/\/www.suedtiroler-wohlfuehlnest-nido.com\/wp-content\/uploads\/2020\/11\/Decke-Zirbe-Eggental.jpg&#039;)\">\n\n\t\t\t\n\t\t\t\t\t<\/div>\n\t\t<\/a>\t\t\t\t\t\t<\/div>\n\t\t\t\t\t\t\t\t\t\t\t<div class=\"swiper-slide\" role=\"group\" aria-roledescription=\"slide\">\n\t\t\t\t\t\t\t<a href=\"https:\/\/www.suedtiroler-wohlfuehlnest-nido.com\/wp-content\/uploads\/2021\/02\/Neulichedl-Living_Ku\u0308chen-1.jpg\" data-elementor-open-lightbox=\"yes\" data-elementor-lightbox-slideshow=\"ad417d0\" data-elementor-lightbox-title=\"Neulichedl Living_Ku\u0308chen-1\" data-e-action-hash=\"#elementor-action%3Aaction%3Dlightbox%26settings%3DeyJpZCI6Mjk3OCwidXJsIjoiaHR0cHM6XC9cL3d3dy5zdWVkdGlyb2xlci13b2hsZnVlaGxuZXN0LW5pZG8uY29tXC93cC1jb250ZW50XC91cGxvYWRzXC8yMDIxXC8wMlwvTmV1bGljaGVkbC1MaXZpbmdfS3VcdTAzMDhjaGVuLTEuanBnIiwic2xpZGVzaG93IjoiYWQ0MTdkMCJ9\">\t\t<div class=\"elementor-carousel-image\" role=\"img\" aria-label=\"Neulichedl Living_Ku\u0308chen-1\" style=\"background-image: url(&#039;https:\/\/www.suedtiroler-wohlfuehlnest-nido.com\/wp-content\/uploads\/2021\/02\/Neulichedl-Living_Ku\u0308chen-1.jpg&#039;)\">\n\n\t\t\t\n\t\t\t\t\t<\/div>\n\t\t<\/a>\t\t\t\t\t\t<\/div>\n\t\t\t\t\t\t\t\t\t<\/div>\n\t\t\t\t\t\t\t\t\t\t\t\t\t\t\t<div class=\"elementor-swiper-button elementor-swiper-button-prev\" role=\"button\" tabindex=\"0\" aria-label=\"Voriger\">\n\t\t\t\t\t\t\t<i aria-hidden=\"true\" class=\"eicon-chevron-left\"><\/i>\t\t\t\t\t\t<\/div>\n\t\t\t\t\t\t<div class=\"elementor-swiper-button elementor-swiper-button-next\" role=\"button\" tabindex=\"0\" aria-label=\"N\u00e4chster\">\n\t\t\t\t\t\t\t<i aria-hidden=\"true\" class=\"eicon-chevron-right\"><\/i>\t\t\t\t\t\t<\/div>\n\t\t\t\t\t\t\t\t\t\t\t\t\t\t\t\t\t<\/div>\n\t\t\t\t<\/div>\n\t\t\t\t\t\t\t\t<\/div>\n\t\t\t\t<\/div>\n\t\t\t\t\t<\/div>\n\t\t<\/div>\n\t\t\t\t<div class=\"elementor-column elementor-col-50 elementor-inner-column elementor-element elementor-element-fe45d65\" data-id=\"fe45d65\" data-element_type=\"column\" data-e-type=\"column\">\n\t\t\t<div class=\"elementor-widget-wrap elementor-element-populated\">\n\t\t\t\t\t\t<div class=\"elementor-element elementor-element-c080302 elementor-widget elementor-widget-heading\" data-id=\"c080302\" data-element_type=\"widget\" data-e-type=\"widget\" data-widget_type=\"heading.default\">\n\t\t\t\t<div class=\"elementor-widget-container\">\n\t\t\t\t\t<h2 class=\"elementor-heading-title elementor-size-default\">Ihr <b>Wohnzimmer <\/b>zum Wohlf\u00fchlen<\/h2>\t\t\t\t<\/div>\n\t\t\t\t<\/div>\n\t\t\t\t<div class=\"elementor-element elementor-element-2f8ea62 elementor-align-left elementor-mobile-align-center elementor-widget elementor-widget-button\" data-id=\"2f8ea62\" data-element_type=\"widget\" data-e-type=\"widget\" data-widget_type=\"button.default\">\n\t\t\t\t<div class=\"elementor-widget-container\">\n\t\t\t\t\t\t\t\t\t<div class=\"elementor-button-wrapper\">\n\t\t\t\t\t<a class=\"elementor-button elementor-button-link elementor-size-sm elementor-animation-grow\" href=\"https:\/\/www.suedtiroler-wohlfuehlnest-nido.com\/it\/kontakt\/\">\n\t\t\t\t\t\t<span class=\"elementor-button-content-wrapper\">\n\t\t\t\t\t\t\t\t\t<span class=\"elementor-button-text\">Jetzt anfragen<\/span>\n\t\t\t\t\t<\/span>\n\t\t\t\t\t<\/a>\n\t\t\t\t<\/div>\n\t\t\t\t\t\t\t\t<\/div>\n\t\t\t\t<\/div>\n\t\t\t\t\t<\/div>\n\t\t<\/div>\n\t\t\t\t\t<\/div>\n\t\t<\/section>\n\t\t\t\t\t<\/div>\n\t\t<\/div>\n\t\t\t\t\t<\/div>\n\t\t<\/section>\n\t\t\t\t<\/div>\n\t\t","protected":false},"excerpt":{"rendered":"<p>Wohnzimmerm\u00f6bel und Stuben aus Massivholz Wohnzimmer und Stuben aus Massivholz f\u00fcr Ihr Wohlf\u00fchlnest Wohnzimmerm\u00f6bel aus Massivholz verleihen jedem Raum eine warme und nat\u00fcrliche Atmosph\u00e4re. Unsere Tischlerei in S\u00fcdtirol fertigt individuelle Holzm\u00f6bel nach Ma\u00df \u2013 von Sideboards \u00fcber Regale bis hin zu ma\u00dfgefertigten Wohnw\u00e4nden. Alle M\u00f6bel werden in unserer eigenen Produktion aus hochwertigen Holzarten wie Fichte [&hellip;]<\/p>\n","protected":false},"author":2,"featured_media":0,"parent":0,"menu_order":0,"comment_status":"closed","ping_status":"closed","template":"elementor_header_footer","meta":{"_seopress_robots_primary_cat":"","_seopress_titles_title":"Wohnzimmerm\u00f6bel aus Massivholz | Neulichedl Living | S\u00fcdtirol","_seopress_titles_desc":"Wohnzimmerm\u00f6bel aus Massivholz nach Ma\u00df aus eigener Produktion. Holzm\u00f6bel aus Fichte und Zirbe aus S\u00fcdtirol.","_seopress_robots_index":"","footnotes":""},"class_list":["post-28","page","type-page","status-publish","hentry"],"jetpack_sharing_enabled":true,"_links":{"self":[{"href":"https:\/\/www.suedtiroler-wohlfuehlnest-nido.com\/it\/wp-json\/wp\/v2\/pages\/28","targetHints":{"allow":["GET"]}}],"collection":[{"href":"https:\/\/www.suedtiroler-wohlfuehlnest-nido.com\/it\/wp-json\/wp\/v2\/pages"}],"about":[{"href":"https:\/\/www.suedtiroler-wohlfuehlnest-nido.com\/it\/wp-json\/wp\/v2\/types\/page"}],"author":[{"embeddable":true,"href":"https:\/\/www.suedtiroler-wohlfuehlnest-nido.com\/it\/wp-json\/wp\/v2\/users\/2"}],"replies":[{"embeddable":true,"href":"https:\/\/www.suedtiroler-wohlfuehlnest-nido.com\/it\/wp-json\/wp\/v2\/comments?post=28"}],"version-history":[{"count":54,"href":"https:\/\/www.suedtiroler-wohlfuehlnest-nido.com\/it\/wp-json\/wp\/v2\/pages\/28\/revisions"}],"predecessor-version":[{"id":3764,"href":"https:\/\/www.suedtiroler-wohlfuehlnest-nido.com\/it\/wp-json\/wp\/v2\/pages\/28\/revisions\/3764"}],"wp:attachment":[{"href":"https:\/\/www.suedtiroler-wohlfuehlnest-nido.com\/it\/wp-json\/wp\/v2\/media?parent=28"}],"curies":[{"name":"wp","href":"https:\/\/api.w.org\/{rel}","templated":true}]}}