{"id":72,"date":"2020-05-19T12:32:20","date_gmt":"2020-05-19T10:32:20","guid":{"rendered":"https:\/\/www.suedtiroler-wohlfuehlnest-nido.com\/?page_id=72"},"modified":"2024-05-16T20:31:45","modified_gmt":"2024-05-16T18:31:45","slug":"agb","status":"publish","type":"page","link":"https:\/\/www.suedtiroler-wohlfuehlnest-nido.com\/it\/agb\/","title":{"rendered":"CONDIZIONI"},"content":{"rendered":"\t\t<div data-elementor-type=\"wp-page\" data-elementor-id=\"72\" class=\"elementor elementor-72\" data-elementor-post-type=\"page\">\n\t\t\t\t\t\t<section class=\"elementor-section elementor-top-section elementor-element elementor-element-7f7955d4 elementor-section-height-min-height elementor-section-content-middle elementor-reverse-mobile elementor-section-boxed elementor-section-height-default elementor-section-items-middle\" data-id=\"7f7955d4\" data-element_type=\"section\" data-e-type=\"section\" data-settings=\"{&quot;background_background&quot;:&quot;classic&quot;,&quot;background_motion_fx_motion_fx_scrolling&quot;:&quot;yes&quot;,&quot;background_motion_fx_translateY_effect&quot;:&quot;yes&quot;,&quot;background_motion_fx_translateY_speed&quot;:{&quot;unit&quot;:&quot;px&quot;,&quot;size&quot;:4,&quot;sizes&quot;:[]},&quot;background_motion_fx_translateY_affectedRange&quot;:{&quot;unit&quot;:&quot;%&quot;,&quot;size&quot;:&quot;&quot;,&quot;sizes&quot;:{&quot;start&quot;:0,&quot;end&quot;:100}},&quot;background_motion_fx_devices&quot;:[&quot;desktop&quot;,&quot;tablet&quot;,&quot;mobile&quot;]}\">\n\t\t\t\t\t\t\t<div class=\"elementor-background-overlay\"><\/div>\n\t\t\t\t\t\t\t<div class=\"elementor-container elementor-column-gap-no\">\n\t\t\t\t\t<div class=\"elementor-column elementor-col-100 elementor-top-column elementor-element elementor-element-5c86770f\" data-id=\"5c86770f\" data-element_type=\"column\" data-e-type=\"column\">\n\t\t\t<div class=\"elementor-widget-wrap elementor-element-populated\">\n\t\t\t\t\t\t<div class=\"elementor-element elementor-element-393120ad elementor-widget elementor-widget-heading\" data-id=\"393120ad\" data-element_type=\"widget\" data-e-type=\"widget\" data-widget_type=\"heading.default\">\n\t\t\t\t<div class=\"elementor-widget-container\">\n\t\t\t\t\t<h2 class=\"elementor-heading-title elementor-size-default\">Allgemeine<br> <b>Gesch\u00e4ftsbedingungen<\/b><\/h2>\t\t\t\t<\/div>\n\t\t\t\t<\/div>\n\t\t\t\t\t<\/div>\n\t\t<\/div>\n\t\t\t\t\t<\/div>\n\t\t<\/section>\n\t\t\t\t<section class=\"elementor-section elementor-top-section elementor-element elementor-element-1556c50e elementor-section-boxed elementor-section-height-default elementor-section-height-default\" data-id=\"1556c50e\" data-element_type=\"section\" data-e-type=\"section\">\n\t\t\t\t\t\t\t<div class=\"elementor-background-overlay\"><\/div>\n\t\t\t\t\t\t\t<div class=\"elementor-container elementor-column-gap-default\">\n\t\t\t\t\t<div class=\"elementor-column elementor-col-100 elementor-top-column elementor-element elementor-element-a79e38e\" data-id=\"a79e38e\" data-element_type=\"column\" data-e-type=\"column\">\n\t\t\t<div class=\"elementor-widget-wrap elementor-element-populated\">\n\t\t\t\t\t\t<div class=\"elementor-element elementor-element-75e0796 elementor-widget elementor-widget-heading\" data-id=\"75e0796\" data-element_type=\"widget\" data-e-type=\"widget\" data-widget_type=\"heading.default\">\n\t\t\t\t<div class=\"elementor-widget-container\">\n\t\t\t\t\t<h2 class=\"elementor-heading-title elementor-size-default\">Allgemeine <b>Gesch\u00e4ftsbedingungen<\/b><\/h2>\t\t\t\t<\/div>\n\t\t\t\t<\/div>\n\t\t\t\t<div class=\"elementor-element elementor-element-5c3ba5f1 elementor-widget elementor-widget-text-editor\" data-id=\"5c3ba5f1\" data-element_type=\"widget\" data-e-type=\"widget\" data-widget_type=\"text-editor.default\">\n\t\t\t\t<div class=\"elementor-widget-container\">\n\t\t\t\t\t\t\t\t\t<p><b>1. Vertragspartner<\/b><strong>:<\/strong><\/p><ul><li>Anbieter der Ware ist die Tischlerei Neulichedl Otmar , Karerseestr. 2b- 39056 Welschnofen Italien;<\/li><li>K\u00e4ufer: auch Kunde genannt, ist derjenige, der durch die Registrierung auf der Webseite www.suedtiroler-wohlfuehlnest-nido.com oder per E-Mail oder Telefon, ein Produkt vom oben genannten Anbieter gekauft hat.<\/li><\/ul><p><strong>2. Preise und Konditionen:<\/strong><\/p><ul><li>Die Preise verstehen sich inklusive Mehrwertsteuer. In der Zusammenfassung der Auftragsliste werden eventuelle Transportkosten oder zus\u00e4tzliche Kosten angegeben.<\/li><li>Die Waren werden nach Auftrag hergestellt und werden innerhalb von 3 Wochen ab Bestellung geliefert.<\/li><li>Zahlungsmittel: wenn nicht anders vereinbart, erfolgt die Zahlung per Nachnahme oder mittels \u00dcberweisung im Voraus.<\/li><\/ul><p><strong>3. Lieferung:<\/strong><\/p><ul><li>Die Waren werden mittels Kurier geliefert. Der K\u00e4ufer ist verpflichtet, die Integrit\u00e4t der G\u00fcter zum Zeitpunkt der Lieferung zu \u00fcberpr\u00fcfen, und im Falle von \u00e4u\u00dferen Besch\u00e4digungen die Lieferung zu verweigern. Das Betrieb, das die Ware anbietet, kann keine Verantwortung f\u00fcr Sch\u00e4den an die Ware, die nach der Lieferung entstehen, \u00fcbernehmen, mit Ausnahme von Produktionsfehlern. (Siehe Garantiebedingungen)<\/li><li>Die Lieferzeit betr\u00e4gt zw. 4 und 12 Wochen je nach Auftragslage.<\/li><\/ul><p><strong>4. Widerruf:<\/strong><\/p><ul><li>Der K\u00e4ufer hat das Recht, vom Kaufvertrag innerhalb von 14 Tagen nach Erhalt der Ware zur\u00fcckzutreten. Zur Aus\u00fcbung dieses Rechts muss die Absicht vom Vertrag zur\u00fcckzutreten per E-Mail an\u00a0<a href=\"mailto:info@neulichedl.it\" target=\"_blank\" rel=\"noopener\">info@neulichedl.it<\/a>\u00a0oder per Einschreiben innerhalb von 14 Tagen ab Erhalt der Ware mitgeteilt werden, und gleichzeitig die gekaufte Ware zur\u00fcckgeben. Innerhalb von 30 Tagen ab Erhalt der Ware muss der K\u00e4ufer die Ware an die Tischlerei Neulichedl Otmar Karersee Str. 2b- Welschnofen- BZ-I zuschicken. Transportkosten, Verpackung und m\u00f6gliche Risiken der zur\u00fcckgegebenen Ware, sind zu Lasten des K\u00e4ufers. Sobald der Anbieter die Ware erhalten hat, wird diese \u00fcberpr\u00fcft und wenn diese dem urspr\u00fcnglichen Zustand entspricht, wird innerhalb von 14 Tagen nach Erhalt der R\u00fccksendung der Wert der Ware zur\u00fcckerstattet.<\/li><\/ul><p><strong>5. Ausschluss vom Widerrufsrecht:<\/strong><\/p><ul><li>Der K\u00e4ufer darf das Widerrufsrecht nicht aus\u00fcben, wenn die Ware personalisiert angefertigt wurde und vom Standardprodukt laut Webseite abweicht.<\/li><li>Der K\u00e4ufer darf das Widerrufsrecht nicht aus\u00fcben, wenn die Ware benutzt oder besch\u00e4digt wurde.<\/li><li>Das Widerrufsrecht gilt nicht, wenn der Kunde die Ware gekauft hat, f\u00fcr Zwecke zusammenh\u00e4ngend mit seiner eigenen Aktivit\u00e4t und in diesem Sinne dem Anbieter seine Mehrwertsteuer mitteilt.<\/li><\/ul><p><strong>6. Garantiebedingungen:<\/strong><\/p><ul><li>F\u00fcr die Verbraucher, also f\u00fcr diejenigen, die f\u00fcr die Zwecke ausserhalb der eigenen Berufs- bzw. Unternehmenst\u00e4tigkeit kaufen, wird die Gesetzesverordnung vom 2. Februar 2002, Nr. 24 &#8211; Artikel 1519-bis und folgende des B\u00fcrgerlichen Gesetzbuches angewandt (zwei Jahre mit den gesetzlichen Bedingungen).<\/li><li>F\u00fcr andere K\u00e4ufer, die in der Regel mit Mehrwertsteuer kaufen, gelten die Rechtsgarantien nach den Artikeln 1490 und folgende des BGB (ein Jahr mit den gesetzlichen Bedingungen).<\/li><li>Die Garantie erstreckt sich nicht auf Sch\u00e4den, die vom Kunden verursacht wurden, oder bei Abnutzung der Immobilie bedingt durch den normalen Gebrauch.<\/li><li>F\u00fcr Verhandlungen -Gerichtsstand in Bozen Italien;<\/li><\/ul>\t\t\t\t\t\t\t\t<\/div>\n\t\t\t\t<\/div>\n\t\t\t\t\t<\/div>\n\t\t<\/div>\n\t\t\t\t\t<\/div>\n\t\t<\/section>\n\t\t\t\t<\/div>\n\t\t","protected":false},"excerpt":{"rendered":"<p>Allgemeine Gesch\u00e4ftsbedingungen Allgemeine Gesch\u00e4ftsbedingungen 1. Vertragspartner: Anbieter der Ware ist die Tischlerei Neulichedl Otmar , Karerseestr. 2b- 39056 Welschnofen Italien; K\u00e4ufer: auch Kunde genannt, ist derjenige, der durch die Registrierung auf der Webseite www.suedtiroler-wohlfuehlnest-nido.com oder per E-Mail oder Telefon, ein Produkt vom oben genannten Anbieter gekauft hat. 2. Preise und Konditionen: Die Preise verstehen sich [&hellip;]<\/p>\n","protected":false},"author":2,"featured_media":0,"parent":0,"menu_order":0,"comment_status":"closed","ping_status":"closed","template":"elementor_header_footer","meta":{"_seopress_robots_primary_cat":"","_seopress_titles_title":"","_seopress_titles_desc":"","_seopress_robots_index":"","footnotes":""},"class_list":["post-72","page","type-page","status-publish","hentry"],"jetpack_sharing_enabled":true,"_links":{"self":[{"href":"https:\/\/www.suedtiroler-wohlfuehlnest-nido.com\/it\/wp-json\/wp\/v2\/pages\/72","targetHints":{"allow":["GET"]}}],"collection":[{"href":"https:\/\/www.suedtiroler-wohlfuehlnest-nido.com\/it\/wp-json\/wp\/v2\/pages"}],"about":[{"href":"https:\/\/www.suedtiroler-wohlfuehlnest-nido.com\/it\/wp-json\/wp\/v2\/types\/page"}],"author":[{"embeddable":true,"href":"https:\/\/www.suedtiroler-wohlfuehlnest-nido.com\/it\/wp-json\/wp\/v2\/users\/2"}],"replies":[{"embeddable":true,"href":"https:\/\/www.suedtiroler-wohlfuehlnest-nido.com\/it\/wp-json\/wp\/v2\/comments?post=72"}],"version-history":[{"count":25,"href":"https:\/\/www.suedtiroler-wohlfuehlnest-nido.com\/it\/wp-json\/wp\/v2\/pages\/72\/revisions"}],"predecessor-version":[{"id":3524,"href":"https:\/\/www.suedtiroler-wohlfuehlnest-nido.com\/it\/wp-json\/wp\/v2\/pages\/72\/revisions\/3524"}],"wp:attachment":[{"href":"https:\/\/www.suedtiroler-wohlfuehlnest-nido.com\/it\/wp-json\/wp\/v2\/media?parent=72"}],"curies":[{"name":"wp","href":"https:\/\/api.w.org\/{rel}","templated":true}]}}