{"id":1956,"date":"2020-11-20T10:31:07","date_gmt":"2020-11-20T09:31:07","guid":{"rendered":"http:\/\/www.suedtiroler-wohlfuehlnest-nido.com\/?post_type=product&#038;p=1956"},"modified":"2022-10-10T10:42:48","modified_gmt":"2022-10-10T08:42:48","slug":"living-base","status":"publish","type":"product","link":"https:\/\/www.suedtiroler-wohlfuehlnest-nido.com\/it\/product\/living-base\/","title":{"rendered":"Living Base"},"content":{"rendered":"<p>Il modello Living Base \u00e8 uno dei nostri classici. Il letto in legno massiccio \u00e8 tenuto insieme da perni in legno ed \u00e8 quindi assolutamente privo di metallo. Il letto \u00e8 sostenuto da due montanti al centro e da un terzo piede del letto visibile ai lati.<\/p>\n<p><strong>Produzione e consegna:<\/strong> zw. 4 und 12 Wochen je nach Auftragslage<\/p>","protected":false},"excerpt":{"rendered":"<p>Das Modell Living Base geh\u00f6rt zu unseren Klassikern. Das Bett aus Massivholz wird durch Zinken zusammengehalten und ist somit absolut metallfrei. Das Bett wird von zwei Stehern mittig und einem dritten sichtbaren Bettfu\u00df auf den Seiten gehalten. Ein echter Blickfang f\u00fcr Ihr Schlafzimmer. Produktion &amp; Lieferung: zw. 4 und 12 Wochen je nach Auftragslage<\/p>","protected":false},"featured_media":2843,"comment_status":"closed","ping_status":"closed","template":"","meta":{"_seopress_robots_primary_cat":"none","_seopress_titles_title":"","_seopress_titles_desc":"","_seopress_robots_index":""},"product_brand":[],"product_cat":[51],"product_tag":[],"class_list":{"0":"post-1956","1":"product","2":"type-product","3":"status-publish","4":"has-post-thumbnail","6":"product_cat-betten","8":"first","9":"instock","10":"taxable","11":"shipping-taxable","12":"purchasable","13":"product-type-variable"},"jetpack_sharing_enabled":true,"_links":{"self":[{"href":"https:\/\/www.suedtiroler-wohlfuehlnest-nido.com\/it\/wp-json\/wp\/v2\/product\/1956","targetHints":{"allow":["GET"]}}],"collection":[{"href":"https:\/\/www.suedtiroler-wohlfuehlnest-nido.com\/it\/wp-json\/wp\/v2\/product"}],"about":[{"href":"https:\/\/www.suedtiroler-wohlfuehlnest-nido.com\/it\/wp-json\/wp\/v2\/types\/product"}],"replies":[{"embeddable":true,"href":"https:\/\/www.suedtiroler-wohlfuehlnest-nido.com\/it\/wp-json\/wp\/v2\/comments?post=1956"}],"wp:featuredmedia":[{"embeddable":true,"href":"https:\/\/www.suedtiroler-wohlfuehlnest-nido.com\/it\/wp-json\/wp\/v2\/media\/2843"}],"wp:attachment":[{"href":"https:\/\/www.suedtiroler-wohlfuehlnest-nido.com\/it\/wp-json\/wp\/v2\/media?parent=1956"}],"wp:term":[{"taxonomy":"product_brand","embeddable":true,"href":"https:\/\/www.suedtiroler-wohlfuehlnest-nido.com\/it\/wp-json\/wp\/v2\/product_brand?post=1956"},{"taxonomy":"product_cat","embeddable":true,"href":"https:\/\/www.suedtiroler-wohlfuehlnest-nido.com\/it\/wp-json\/wp\/v2\/product_cat?post=1956"},{"taxonomy":"product_tag","embeddable":true,"href":"https:\/\/www.suedtiroler-wohlfuehlnest-nido.com\/it\/wp-json\/wp\/v2\/product_tag?post=1956"}],"curies":[{"name":"wp","href":"https:\/\/api.w.org\/{rel}","templated":true}]}}