{"id":1986,"date":"2020-11-20T10:53:34","date_gmt":"2020-11-20T09:53:34","guid":{"rendered":"http:\/\/www.suedtiroler-wohlfuehlnest-nido.com\/?post_type=product&#038;p=1986"},"modified":"2022-10-10T10:42:44","modified_gmt":"2022-10-10T08:42:44","slug":"carezza","status":"publish","type":"product","link":"https:\/\/www.suedtiroler-wohlfuehlnest-nido.com\/it\/product\/carezza\/","title":{"rendered":"Carezza"},"content":{"rendered":"<p>Il modello Carezza \u00e8 convincente nella sua semplicit\u00e0 e chiarezza. Il legno massello e la pregiata lavorazione conferiscono inoltre al design la giusta quantit\u00e0 di calore. Il letto \u00e8 tenuto insieme da perni di legno ed \u00e8 privo di metallo. Proprio la cosa giusta per la tua camera da letto. Gli angoli possono essere arrotondati o quadrati.<\/p>\n<p><strong>Produzione e consegna:<\/strong> zw. 4 und 12 Wochen je nach Auftragslage<\/p>","protected":false},"excerpt":{"rendered":"<p>Das Modell Carezza \u00fcberzeugt in seiner Geradlinigkeit und Klarheit. Durch das Massivholz und die feine Verarbeitung wird dem Design zus\u00e4tzlich genau das richtige Ma\u00df an Nat\u00fcrlichkeit verliehen. Das Bett wird von Holzzinken zusammengehalten, ist metallfrei unf perfekt um sich darin zu entspannen. Produktion &amp; Lieferung: zw. 4 und 12 Wochen je nach Auftragslage<\/p>","protected":false},"featured_media":2839,"comment_status":"closed","ping_status":"closed","template":"","meta":{"_seopress_robots_primary_cat":"none","_seopress_titles_title":"","_seopress_titles_desc":"","_seopress_robots_index":""},"product_brand":[],"product_cat":[51],"product_tag":[],"class_list":{"0":"post-1986","1":"product","2":"type-product","3":"status-publish","4":"has-post-thumbnail","6":"product_cat-betten","8":"first","9":"instock","10":"taxable","11":"shipping-taxable","12":"purchasable","13":"product-type-variable","14":"has-default-attributes"},"jetpack_sharing_enabled":true,"_links":{"self":[{"href":"https:\/\/www.suedtiroler-wohlfuehlnest-nido.com\/it\/wp-json\/wp\/v2\/product\/1986","targetHints":{"allow":["GET"]}}],"collection":[{"href":"https:\/\/www.suedtiroler-wohlfuehlnest-nido.com\/it\/wp-json\/wp\/v2\/product"}],"about":[{"href":"https:\/\/www.suedtiroler-wohlfuehlnest-nido.com\/it\/wp-json\/wp\/v2\/types\/product"}],"replies":[{"embeddable":true,"href":"https:\/\/www.suedtiroler-wohlfuehlnest-nido.com\/it\/wp-json\/wp\/v2\/comments?post=1986"}],"wp:featuredmedia":[{"embeddable":true,"href":"https:\/\/www.suedtiroler-wohlfuehlnest-nido.com\/it\/wp-json\/wp\/v2\/media\/2839"}],"wp:attachment":[{"href":"https:\/\/www.suedtiroler-wohlfuehlnest-nido.com\/it\/wp-json\/wp\/v2\/media?parent=1986"}],"wp:term":[{"taxonomy":"product_brand","embeddable":true,"href":"https:\/\/www.suedtiroler-wohlfuehlnest-nido.com\/it\/wp-json\/wp\/v2\/product_brand?post=1986"},{"taxonomy":"product_cat","embeddable":true,"href":"https:\/\/www.suedtiroler-wohlfuehlnest-nido.com\/it\/wp-json\/wp\/v2\/product_cat?post=1986"},{"taxonomy":"product_tag","embeddable":true,"href":"https:\/\/www.suedtiroler-wohlfuehlnest-nido.com\/it\/wp-json\/wp\/v2\/product_tag?post=1986"}],"curies":[{"name":"wp","href":"https:\/\/api.w.org\/{rel}","templated":true}]}}