{"id":2044,"date":"2020-11-20T12:09:52","date_gmt":"2020-11-20T11:09:52","guid":{"rendered":"http:\/\/www.suedtiroler-wohlfuehlnest-nido.com\/?post_type=product&#038;p=2044"},"modified":"2022-10-10T10:42:39","modified_gmt":"2022-10-10T08:42:39","slug":"carezza-schrank","status":"publish","type":"product","link":"https:\/\/www.suedtiroler-wohlfuehlnest-nido.com\/it\/product\/carezza-schrank\/","title":{"rendered":"Armadio Carezza"},"content":{"rendered":"<p>Il modello Carezza offre molto spazio di stoccaggio grazie alle sue dimensioni. L\u2019armadio \u00e8 dotato di porte scorrevoli. La suddivisione interna pu\u00f2 essere adattata individualmente su richiesta. La divisione interna pu\u00f2 essere adattata individualmente su richiesta.<\/p>\n<p><strong>Produzione e consegna:<\/strong> zw. 4 und 12 Wochen je nach Auftragslage<\/p>","protected":false},"excerpt":{"rendered":"<p>Das Modell Carezza bietet durch seine Gr\u00f6\u00dfe sehr viel Stauraum. Der Schrank ist mit Dreht\u00fcren ausgestattet und ist sechst\u00fcrig. Innen ist der Schrank mit zwei Kleiderstangen und vier Fachb\u00f6den ausgestattet. Die Inneneinteilung kann auf Wunsch individuell angepasst werden. Produktion &amp; Lieferung: zw. 4 und 12 Wochen je nach Auftragslage<\/p>","protected":false},"featured_media":1858,"comment_status":"closed","ping_status":"closed","template":"","meta":{"_seopress_robots_primary_cat":"none","_seopress_titles_title":"","_seopress_titles_desc":"","_seopress_robots_index":""},"product_brand":[],"product_cat":[52],"product_tag":[],"class_list":{"0":"post-2044","1":"product","2":"type-product","3":"status-publish","4":"has-post-thumbnail","6":"product_cat-schraenke","8":"first","9":"instock","10":"taxable","11":"shipping-taxable","12":"purchasable","13":"product-type-variable"},"jetpack_sharing_enabled":true,"_links":{"self":[{"href":"https:\/\/www.suedtiroler-wohlfuehlnest-nido.com\/it\/wp-json\/wp\/v2\/product\/2044","targetHints":{"allow":["GET"]}}],"collection":[{"href":"https:\/\/www.suedtiroler-wohlfuehlnest-nido.com\/it\/wp-json\/wp\/v2\/product"}],"about":[{"href":"https:\/\/www.suedtiroler-wohlfuehlnest-nido.com\/it\/wp-json\/wp\/v2\/types\/product"}],"replies":[{"embeddable":true,"href":"https:\/\/www.suedtiroler-wohlfuehlnest-nido.com\/it\/wp-json\/wp\/v2\/comments?post=2044"}],"wp:featuredmedia":[{"embeddable":true,"href":"https:\/\/www.suedtiroler-wohlfuehlnest-nido.com\/it\/wp-json\/wp\/v2\/media\/1858"}],"wp:attachment":[{"href":"https:\/\/www.suedtiroler-wohlfuehlnest-nido.com\/it\/wp-json\/wp\/v2\/media?parent=2044"}],"wp:term":[{"taxonomy":"product_brand","embeddable":true,"href":"https:\/\/www.suedtiroler-wohlfuehlnest-nido.com\/it\/wp-json\/wp\/v2\/product_brand?post=2044"},{"taxonomy":"product_cat","embeddable":true,"href":"https:\/\/www.suedtiroler-wohlfuehlnest-nido.com\/it\/wp-json\/wp\/v2\/product_cat?post=2044"},{"taxonomy":"product_tag","embeddable":true,"href":"https:\/\/www.suedtiroler-wohlfuehlnest-nido.com\/it\/wp-json\/wp\/v2\/product_tag?post=2044"}],"curies":[{"name":"wp","href":"https:\/\/api.w.org\/{rel}","templated":true}]}}