{"id":2066,"date":"2020-11-20T13:15:11","date_gmt":"2020-11-20T12:15:11","guid":{"rendered":"http:\/\/www.suedtiroler-wohlfuehlnest-nido.com\/?post_type=product&#038;p=2066"},"modified":"2022-10-10T10:42:36","modified_gmt":"2022-10-10T08:42:36","slug":"schrank-living-base","status":"publish","type":"product","link":"https:\/\/www.suedtiroler-wohlfuehlnest-nido.com\/it\/product\/schrank-living-base\/","title":{"rendered":"Armadio Living Base - Ante Girevoli"},"content":{"rendered":"<p>Il modello Living Base Ante Girevoli convince per il suo design rettilineo e le superfici lisce. L\u2019armadio ha i frontali lisci e pu\u00f2 essere aperto attraverso ante girevoli. All\u2019interno dell\u2019armadio ci sono otto ripiani e un appendiabiti. La divisione interna pu\u00f2 essere adattata individualmente su richiesta.<\/p>\n<p><strong>Produzione e consegna:<\/strong> zw. 4 und 12 Wochen je nach Auftragslage<\/p>","protected":false},"excerpt":{"rendered":"<p>Das Modell Living Base Dreht\u00fcren \u00fcberzeugt in seinem geradlinigen Design und seinen glatten Oberfl\u00e4chen. Der Schrank ist mit glatten Fronten ausgestattet und l\u00e4sst sich durch Dreht\u00fcren \u00f6ffnen. Innen besitzt der Schrank acht Fachb\u00f6den und eine Kleiderstange. Die Inneneinteilung kann auf Wunsch individuell angepasst werden. Produktion &amp; Lieferung: zw. 4 und 12 Wochen je nach Auftragslage<\/p>","protected":false},"featured_media":2846,"comment_status":"closed","ping_status":"closed","template":"","meta":{"_seopress_robots_primary_cat":"none","_seopress_titles_title":"","_seopress_titles_desc":"","_seopress_robots_index":""},"product_brand":[],"product_cat":[52],"product_tag":[],"class_list":{"0":"post-2066","1":"product","2":"type-product","3":"status-publish","4":"has-post-thumbnail","6":"product_cat-schraenke","8":"first","9":"instock","10":"taxable","11":"shipping-taxable","12":"purchasable","13":"product-type-variable"},"jetpack_sharing_enabled":true,"_links":{"self":[{"href":"https:\/\/www.suedtiroler-wohlfuehlnest-nido.com\/it\/wp-json\/wp\/v2\/product\/2066","targetHints":{"allow":["GET"]}}],"collection":[{"href":"https:\/\/www.suedtiroler-wohlfuehlnest-nido.com\/it\/wp-json\/wp\/v2\/product"}],"about":[{"href":"https:\/\/www.suedtiroler-wohlfuehlnest-nido.com\/it\/wp-json\/wp\/v2\/types\/product"}],"replies":[{"embeddable":true,"href":"https:\/\/www.suedtiroler-wohlfuehlnest-nido.com\/it\/wp-json\/wp\/v2\/comments?post=2066"}],"wp:featuredmedia":[{"embeddable":true,"href":"https:\/\/www.suedtiroler-wohlfuehlnest-nido.com\/it\/wp-json\/wp\/v2\/media\/2846"}],"wp:attachment":[{"href":"https:\/\/www.suedtiroler-wohlfuehlnest-nido.com\/it\/wp-json\/wp\/v2\/media?parent=2066"}],"wp:term":[{"taxonomy":"product_brand","embeddable":true,"href":"https:\/\/www.suedtiroler-wohlfuehlnest-nido.com\/it\/wp-json\/wp\/v2\/product_brand?post=2066"},{"taxonomy":"product_cat","embeddable":true,"href":"https:\/\/www.suedtiroler-wohlfuehlnest-nido.com\/it\/wp-json\/wp\/v2\/product_cat?post=2066"},{"taxonomy":"product_tag","embeddable":true,"href":"https:\/\/www.suedtiroler-wohlfuehlnest-nido.com\/it\/wp-json\/wp\/v2\/product_tag?post=2066"}],"curies":[{"name":"wp","href":"https:\/\/api.w.org\/{rel}","templated":true}]}}