{"id":2275,"date":"2020-11-25T11:20:31","date_gmt":"2020-11-25T10:20:31","guid":{"rendered":"http:\/\/www.suedtiroler-wohlfuehlnest-nido.com\/?post_type=product&#038;p=2275"},"modified":"2022-10-10T10:42:22","modified_gmt":"2022-10-10T08:42:22","slug":"dolomiten","status":"publish","type":"product","link":"https:\/\/www.suedtiroler-wohlfuehlnest-nido.com\/it\/product\/dolomiten\/","title":{"rendered":"Dolomiten"},"content":{"rendered":"<p>Il modello Dolomiti porta un piccolo pezzo di montagna direttamente in camera da letto. Il letto convince per il suo design lineare, il legno massiccio con i rami conferisce al letto un carattere alpino e fa pensare alle bianche giornate invernali e ai tour in montagna estivi. Il letto \u00e8 tenuto insieme da perni di legno ed \u00e8 quindi privo di metallo \u2013 perfetto per il proprio nido alpino.<\/p>\n<p><strong>I comodini sono fissati alla testiera.<\/strong><\/p>\n<p><strong>Produzione e consegna:<\/strong> zw. 4 und 12 Wochen je nach Auftragslage<\/p>","protected":false},"excerpt":{"rendered":"<p>Das Modell Dolomiten bringt ein kleines St\u00fcck Berg direkt in Ihr Schlafzimmer. Das Bett \u00fcberzeugt in seinem geradlinigen Design, das Massivholz mit \u00c4sten verleiht dem Bett einen alpinen Charakter und erinnert\u00a0 an schneewei\u00dfe Wintertage und sommerliche Bergtouren. Die Nachttische sind direkt an die R\u00fcckwand angebaut. Das Bett wird von Holzzinken zusammengehalten und ist damit metallfrei [&hellip;]<\/p>\n","protected":false},"featured_media":2840,"comment_status":"closed","ping_status":"closed","template":"","meta":{"_seopress_robots_primary_cat":"none","_seopress_titles_title":"","_seopress_titles_desc":"","_seopress_robots_index":""},"product_brand":[],"product_cat":[51],"product_tag":[],"class_list":{"0":"post-2275","1":"product","2":"type-product","3":"status-publish","4":"has-post-thumbnail","6":"product_cat-betten","8":"first","9":"instock","10":"taxable","11":"shipping-taxable","12":"purchasable","13":"product-type-variable","14":"has-default-attributes"},"jetpack_sharing_enabled":true,"_links":{"self":[{"href":"https:\/\/www.suedtiroler-wohlfuehlnest-nido.com\/it\/wp-json\/wp\/v2\/product\/2275","targetHints":{"allow":["GET"]}}],"collection":[{"href":"https:\/\/www.suedtiroler-wohlfuehlnest-nido.com\/it\/wp-json\/wp\/v2\/product"}],"about":[{"href":"https:\/\/www.suedtiroler-wohlfuehlnest-nido.com\/it\/wp-json\/wp\/v2\/types\/product"}],"replies":[{"embeddable":true,"href":"https:\/\/www.suedtiroler-wohlfuehlnest-nido.com\/it\/wp-json\/wp\/v2\/comments?post=2275"}],"wp:featuredmedia":[{"embeddable":true,"href":"https:\/\/www.suedtiroler-wohlfuehlnest-nido.com\/it\/wp-json\/wp\/v2\/media\/2840"}],"wp:attachment":[{"href":"https:\/\/www.suedtiroler-wohlfuehlnest-nido.com\/it\/wp-json\/wp\/v2\/media?parent=2275"}],"wp:term":[{"taxonomy":"product_brand","embeddable":true,"href":"https:\/\/www.suedtiroler-wohlfuehlnest-nido.com\/it\/wp-json\/wp\/v2\/product_brand?post=2275"},{"taxonomy":"product_cat","embeddable":true,"href":"https:\/\/www.suedtiroler-wohlfuehlnest-nido.com\/it\/wp-json\/wp\/v2\/product_cat?post=2275"},{"taxonomy":"product_tag","embeddable":true,"href":"https:\/\/www.suedtiroler-wohlfuehlnest-nido.com\/it\/wp-json\/wp\/v2\/product_tag?post=2275"}],"curies":[{"name":"wp","href":"https:\/\/api.w.org\/{rel}","templated":true}]}}