{"id":3319,"date":"2022-06-13T12:24:47","date_gmt":"2022-06-13T10:24:47","guid":{"rendered":"https:\/\/www.suedtiroler-wohlfuehlnest-nido.com\/?post_type=product&#038;p=3319"},"modified":"2022-10-10T10:42:53","modified_gmt":"2022-10-10T08:42:53","slug":"schrank-purist-drehtueren","status":"publish","type":"product","link":"https:\/\/www.suedtiroler-wohlfuehlnest-nido.com\/it\/product\/schrank-purist-drehtueren\/","title":{"rendered":"Schrank Purist \u2013 Dreht\u00fcren"},"content":{"rendered":"<p>Der Schrank Purist besteht aus Massivholz, hat zwei Fronten und wird von uns standardm\u00e4\u00dfig aus Zirbenholz gefertigt. Der Schrank ist mit einer Kleiderstange und einem Fachboden ausgestattet. Die Inneneinteilung kann auf Wunsch individuell angepasst werden.<\/p>\n<p><strong>Produzione e consegna:<\/strong> zw. 4 und 12 Wochen je nach Auftragslage<\/p>","protected":false},"excerpt":{"rendered":"<p>Der Schrank Purist besteht aus Massivholz, hat zwei Fronten und wird von uns standardm\u00e4\u00dfig aus Zirbenholz gefertigt. Der Schrank ist mit einer Kleiderstange und einem Fachboden ausgestattet. Die Inneneinteilung kann auf Wunsch individuell angepasst werden. Produktion &amp; Lieferung: zw. 4 und 12 Wochen je nach Auftragslage<\/p>","protected":false},"featured_media":2847,"comment_status":"closed","ping_status":"closed","template":"","meta":{"_seopress_robots_primary_cat":"none","_seopress_titles_title":"","_seopress_titles_desc":"","_seopress_robots_index":""},"product_brand":[],"product_cat":[15],"product_tag":[],"class_list":{"0":"post-3319","1":"product","2":"type-product","3":"status-publish","4":"has-post-thumbnail","6":"product_cat-unkategorisiert","8":"first","9":"instock","10":"taxable","11":"shipping-taxable","12":"purchasable","13":"product-type-variable"},"jetpack_sharing_enabled":true,"_links":{"self":[{"href":"https:\/\/www.suedtiroler-wohlfuehlnest-nido.com\/it\/wp-json\/wp\/v2\/product\/3319","targetHints":{"allow":["GET"]}}],"collection":[{"href":"https:\/\/www.suedtiroler-wohlfuehlnest-nido.com\/it\/wp-json\/wp\/v2\/product"}],"about":[{"href":"https:\/\/www.suedtiroler-wohlfuehlnest-nido.com\/it\/wp-json\/wp\/v2\/types\/product"}],"replies":[{"embeddable":true,"href":"https:\/\/www.suedtiroler-wohlfuehlnest-nido.com\/it\/wp-json\/wp\/v2\/comments?post=3319"}],"wp:featuredmedia":[{"embeddable":true,"href":"https:\/\/www.suedtiroler-wohlfuehlnest-nido.com\/it\/wp-json\/wp\/v2\/media\/2847"}],"wp:attachment":[{"href":"https:\/\/www.suedtiroler-wohlfuehlnest-nido.com\/it\/wp-json\/wp\/v2\/media?parent=3319"}],"wp:term":[{"taxonomy":"product_brand","embeddable":true,"href":"https:\/\/www.suedtiroler-wohlfuehlnest-nido.com\/it\/wp-json\/wp\/v2\/product_brand?post=3319"},{"taxonomy":"product_cat","embeddable":true,"href":"https:\/\/www.suedtiroler-wohlfuehlnest-nido.com\/it\/wp-json\/wp\/v2\/product_cat?post=3319"},{"taxonomy":"product_tag","embeddable":true,"href":"https:\/\/www.suedtiroler-wohlfuehlnest-nido.com\/it\/wp-json\/wp\/v2\/product_tag?post=3319"}],"curies":[{"name":"wp","href":"https:\/\/api.w.org\/{rel}","templated":true}]}}